{"id":1003,"date":"2024-09-02T09:04:02","date_gmt":"2024-09-02T09:04:02","guid":{"rendered":"https:\/\/carpediemvendeghaz.hu\/?page_id=1003"},"modified":"2024-09-04T07:03:05","modified_gmt":"2024-09-04T07:03:05","slug":"lemondasi-feltetelek","status":"publish","type":"page","link":"https:\/\/carpediemvendeghaz.hu\/de\/lemondasi-feltetelek\/","title":{"rendered":"Stornierungsbedingungen"},"content":{"rendered":"<div data-elementor-type=\"wp-page\" data-elementor-id=\"1003\" class=\"elementor elementor-1003\" data-elementor-post-type=\"page\">\n\t\t\t\t<div class=\"elementor-element elementor-element-4b66c263 e-flex e-con-boxed e-con e-parent\" data-id=\"4b66c263\" data-element_type=\"container\" data-e-type=\"container\">\n\t\t\t\t\t<div class=\"e-con-inner\">\n\t\t\t\t<div class=\"elementor-element elementor-element-6b8b85a elementor-widget elementor-widget-text-editor\" data-id=\"6b8b85a\" data-element_type=\"widget\" data-e-type=\"widget\" data-widget_type=\"text-editor.default\">\n\t\t\t\t<div class=\"elementor-widget-container\">\n\t\t\t\t\t\t\t\t\t<p>- Die Unterkunftsreservierung kann schriftlich an die E-Mail-Adresse info@carpediemvendeghaz.hu storniert werden. Die Stornierung ist g\u00fcltig, wenn sie vom G\u00e4stehaus best\u00e4tigt wird!<\/p><p>\u2013 Die Unterkunftsreservierung kann bis zu 15 Tage vor Anreise kostenfrei storniert werden, die 100% Ihrer Reservierung werden innerhalb von 15 Tagen zur\u00fcckerstattet.<\/p><p>\u2013 Im Falle einer Stornierung einer Reservierung 7\u201314 Tage vor Anreise betr\u00e4gt die Reservierungsgeb\u00fchr 50% \u2013 eine Stornierungsgeb\u00fchr \u2013 R\u00fcckerstattung innerhalb von 15 Tagen \u2013, 6 Tage vor Beginn des Reservierungsdatums wird der gesamte Reservierungsbetrag abgezogen .<\/p>\t\t\t\t\t\t\t\t<\/div>\n\t\t\t\t<\/div>\n\t\t\t\t\t<\/div>\n\t\t\t\t<\/div>\n\t\t\t\t<\/div>","protected":false},"excerpt":{"rendered":"<p>&#8211; A sz\u00e1ll\u00e1sfoglal\u00e1s \u00edr\u00e1sban, az info@carpediemvendeghaz.hu e-mail c\u00edmre k\u00fcldve mondhat\u00f3 le. A vend\u00e9gh\u00e1z \u00e1ltal visszaigazolva \u00e9rv\u00e9nyes a lemond\u00e1s! &#8211; A sz\u00e1ll\u00e1sfoglal\u00e1s az \u00e9rkez\u00e9st megel\u0151z\u0151 15 napig ingyenesen lemondhat\u00f3, foglal\u00e1sotok 100%-a visszat\u00e9r\u00edt\u00e9sre ker\u00fcl 15 napon bel\u00fcl. &#8211; Az \u00e9rkez\u00e9st megel\u0151z\u0151 7-14 napig lemondott foglal\u00e1s eset\u00e9ben a foglal\u00e1si d\u00edj 50%-a a lemond\u00e1si d\u00edj &#8211; visszat\u00e9r\u00edt\u00e9s 15 napon [&hellip;]<\/p>\n","protected":false},"author":2,"featured_media":0,"parent":0,"menu_order":0,"comment_status":"closed","ping_status":"closed","template":"","meta":{"footnotes":""},"class_list":["post-1003","page","type-page","status-publish","hentry"],"_links":{"self":[{"href":"https:\/\/carpediemvendeghaz.hu\/de\/wp-json\/wp\/v2\/pages\/1003","targetHints":{"allow":["GET"]}}],"collection":[{"href":"https:\/\/carpediemvendeghaz.hu\/de\/wp-json\/wp\/v2\/pages"}],"about":[{"href":"https:\/\/carpediemvendeghaz.hu\/de\/wp-json\/wp\/v2\/types\/page"}],"author":[{"embeddable":true,"href":"https:\/\/carpediemvendeghaz.hu\/de\/wp-json\/wp\/v2\/users\/2"}],"replies":[{"embeddable":true,"href":"https:\/\/carpediemvendeghaz.hu\/de\/wp-json\/wp\/v2\/comments?post=1003"}],"version-history":[{"count":0,"href":"https:\/\/carpediemvendeghaz.hu\/de\/wp-json\/wp\/v2\/pages\/1003\/revisions"}],"wp:attachment":[{"href":"https:\/\/carpediemvendeghaz.hu\/de\/wp-json\/wp\/v2\/media?parent=1003"}],"curies":[{"name":"wp","href":"https:\/\/api.w.org\/{rel}","templated":true}]}}