{"id":1096,"date":"2024-09-04T07:14:15","date_gmt":"2024-09-04T07:14:15","guid":{"rendered":"https:\/\/carpediemvendeghaz.hu\/?page_id=1096"},"modified":"2024-09-04T07:14:26","modified_gmt":"2024-09-04T07:14:26","slug":"kamera-rendszer-tajekoztato","status":"publish","type":"page","link":"https:\/\/carpediemvendeghaz.hu\/de\/kamera-rendszer-tajekoztato\/","title":{"rendered":"Informationen zum Kamerasystem"},"content":{"rendered":"<h3><strong>Informationen zur Nutzung des im Unterkunftsbereich installierten elektronischen \u00dcberwachungssystems<\/strong><\/h3>\n<p><strong>1. Name des Datenverantwortlichen und Betreibers des elektronischen \u00dcberwachungssystems:<\/strong><\/p>\n<p id=\"h.gjdgxs\"><strong>Unterkunft im Carpe Diem G\u00e4stehaus<\/strong><\/p>\n<p>Hauptsitz: 3413 Cser\u00e9pfalu, Berezdalja \u00fat 56.<br \/>\nTelefonnummer: +36 70 428 7612<br \/>\nName des Vertreters: Dr. Angelika T\u00f3th<\/p>\n<p>2. Wir informieren Sie dar\u00fcber, dass der Dienstleister \u2013 als Verantwortlicher \u2013 <strong>Verm\u00f6gensschutz<\/strong> setzt hierf\u00fcr ein elektronisches \u00dcberwachungssystem ein, das eine direkte Beobachtung, Bildaufzeichnung und -speicherung erm\u00f6glicht. \u00a0<strong>Die in den Unterk\u00fcnften des Dienstleisters eingesetzten Kameras sind auf folgenden Bereich ausgerichtet:<\/strong><\/p>\n<p>Kamera\u00fcberwachte R\u00e4ume:<\/p>\n<ol>\n<li><em>\u00a0\u00dcberwachung des externen Haupteingangs des Hauses.<\/em><\/li>\n<li><em>\u00dcberwachung des \u00e4u\u00dferen Seiteneingangs des Hauses.<\/em><\/li>\n<\/ol>\n<p>Umfang der verarbeiteten Daten: die Gesichter der G\u00e4ste und anderer Personen im Sichtfeld der Kameras, ohne die Stimme und andere personenbezogene Daten.<\/p>\n<p>Das Kamerasystem arbeitet 0\u201324 Stunden.<\/p>\n<p>Wir m\u00f6chten Sie dar\u00fcber informieren, dass die Aufzeichnung von Bild- und Tonaufnahmen f\u00fcr den Betrieb des elektronischen \u00dcberwachungssystems durch Szvtv geregelt ist. Sie erfolgt auf Grundlage einer ausdr\u00fccklichen Einwilligung nach \u00a7 30 Abs. 2 zum Zweck des Nachweises von Verst\u00f6\u00dfen zum Schutz des Eigentums, wie im Folgenden n\u00e4her erl\u00e4utert. Wir weisen Sie darauf hin, dass es als ausdr\u00fcckliche Einwilligung zur Datenverwaltung gilt, wenn Sie sich im von der Kamera \u00fcberwachten Bereich aufhalten und Kenntnis von diesen Informationen haben.<\/p>\n<p><strong>3. Die Rechtsgrundlage f\u00fcr diese Datenverwaltung:<\/strong>\u00a0Geltendmachung der berechtigten Interessen des Verantwortlichen.<\/p>\n<p><strong>4. Lagerzeit:\u00a0<\/strong>Aufnahmen k\u00f6nnen bei Nichtnutzung maximal 30 (drei\u00dfig) Werktage aufbewahrt werden. Eine Nutzung kommt dann in Betracht, wenn das aufgenommene Bild und andere personenbezogene Daten dazu bestimmt sind, als Beweismittel in einem Gerichtsverfahren oder einem anderen beh\u00f6rdlichen Verfahren verwendet zu werden.<\/p>\n<p><strong>5. Lagerort:<\/strong>\u00a0Sitz des Verantwortlichen.<\/p>\n<p><strong>6. Zur Einsicht in die Aufzeichnung sind berechtigt:<\/strong>\u00a0Neben den gesetzlich Berechtigten haben auch die Betreiber der Beherbergungsbetriebe das Recht, die vom elektronischen \u00dcberwachungssystem erfassten Daten zum Zweck der Aufdeckung von Rechtsverst\u00f6\u00dfen und zur \u00dcberpr\u00fcfung der Funktionsf\u00e4higkeit des Systems einzusehen.<\/p>\n<p><strong>7. Ma\u00dfnahmen zur Datensicherheit:<\/strong><\/p>\n<p>Eine Daten\u00fcbermittlung ist nur dann m\u00f6glich, wenn ein Verfahren wegen rechtswidrigen Verhaltens oder einer Pflichtverletzung vorliegt und nur an die mit dem Verfahren befassten Beh\u00f6rden oder Gerichte. Zu den \u00fcbermittelten Daten k\u00f6nnen die vom Kamerasystem erstellten Aufzeichnungen mit relevanten Informationen sowie die Namen der Personen geh\u00f6ren, die in den Aufzeichnungen auftauchen k\u00f6nnen.<\/p>\n<p><strong>8. Informationen \u00fcber die Rechte der betroffenen Person und die Rechtsdurchsetzung<\/strong><\/p>\n<p>Die Person, deren Recht oder berechtigtes Interesse durch die Aufzeichnung von Bild-, Ton- oder Bild- und Tonaufzeichnungsdaten beeintr\u00e4chtigt wird, kann innerhalb von drei Werktagen nach der Aufzeichnung den Datenverwalter unter Nachweis ihres Rechts oder berechtigten Interesses auffordern, die Daten zu vernichten nicht zerst\u00f6ren.<\/p>\n<p>Die Rechte der betroffenen Person sind in unseren Informationen zum Datenmanagement detailliert beschrieben.<\/p>\n<p><strong>Aufsichtsbeh\u00f6rde:<\/strong><\/p>\n<p>Nationale Beh\u00f6rde f\u00fcr Datenschutz und Informationsfreiheit<br \/>\nSitz: 1055 Budapest, Falk Miksa utca 9-11.<br \/>\nTelefon: +36 (30) 683-5969, +36 (30) 549-6838<br \/>\nE-Mail-Adresse: ugyfelszolgalat@naih.hu<\/p>","protected":false},"excerpt":{"rendered":"<p>T\u00e1j\u00e9koztat\u00f3 a sz\u00e1ll\u00e1shely ter\u00fclet\u00e9n felszerelt elektronikus megfigyel\u0151rendszer alkalmaz\u00e1s\u00e1r\u00f3l 1. Adatkezel\u0151, elektronikus megfigyel\u0151rendszer \u00fczemeltet\u0151j\u00e9nek megnevez\u00e9se: Carpe Diem Vend\u00e9gh\u00e1z sz\u00e1ll\u00e1shely Sz\u00e9khelye: 3413 Cser\u00e9pfalu, Berezdalja \u00fat 56. Telefonsz\u00e1m: +36 70 428 7612 K\u00e9pvisel\u0151 neve: dr. T\u00f3th Angelika 2. T\u00e1j\u00e9koztatjuk, hogy a szolg\u00e1ltat\u00f3 \u2013 mint adatkezel\u0151 \u2013 vagyonv\u00e9delem c\u00e9lj\u00e1b\u00f3l elektronikus megfigyel\u0151rendszert alkalmaz, amely k\u00f6zvetlen megfigyel\u00e9st, k\u00e9pr\u00f6gz\u00edt\u00e9st \u00e9s t\u00e1rol\u00e1st is [&hellip;]<\/p>\n","protected":false},"author":2,"featured_media":0,"parent":0,"menu_order":0,"comment_status":"closed","ping_status":"closed","template":"","meta":{"footnotes":""},"class_list":["post-1096","page","type-page","status-publish","hentry"],"_links":{"self":[{"href":"https:\/\/carpediemvendeghaz.hu\/de\/wp-json\/wp\/v2\/pages\/1096","targetHints":{"allow":["GET"]}}],"collection":[{"href":"https:\/\/carpediemvendeghaz.hu\/de\/wp-json\/wp\/v2\/pages"}],"about":[{"href":"https:\/\/carpediemvendeghaz.hu\/de\/wp-json\/wp\/v2\/types\/page"}],"author":[{"embeddable":true,"href":"https:\/\/carpediemvendeghaz.hu\/de\/wp-json\/wp\/v2\/users\/2"}],"replies":[{"embeddable":true,"href":"https:\/\/carpediemvendeghaz.hu\/de\/wp-json\/wp\/v2\/comments?post=1096"}],"version-history":[{"count":0,"href":"https:\/\/carpediemvendeghaz.hu\/de\/wp-json\/wp\/v2\/pages\/1096\/revisions"}],"wp:attachment":[{"href":"https:\/\/carpediemvendeghaz.hu\/de\/wp-json\/wp\/v2\/media?parent=1096"}],"curies":[{"name":"wp","href":"https:\/\/api.w.org\/{rel}","templated":true}]}}