{"id":632,"date":"2024-08-24T13:09:24","date_gmt":"2024-08-24T13:09:24","guid":{"rendered":"https:\/\/carpediemvendeghaz.hu\/?page_id=632"},"modified":"2025-11-17T13:56:54","modified_gmt":"2025-11-17T13:56:54","slug":"hazirend","status":"publish","type":"page","link":"https:\/\/carpediemvendeghaz.hu\/de\/hazirend\/","title":{"rendered":"Hausordnung"},"content":{"rendered":"<p><strong><u>Nutze den Tag <\/u><\/strong><\/p>\n<p><strong><u>Hausordnung\/G\u00e4steinformationen:<\/u><\/strong><\/p>\n<p><strong><u>\u00a0<\/u><\/strong><\/p>\n<p><strong><u>Kostenlose WLAN-Kontakte:<\/u><\/strong><\/p>\n<p><u>Netzwerkname im Haus<\/u>: Karpedium<\/p>\n<p>Passwort: Angelika11<\/p>\n<p><u>Netzwerkname im Yard<\/u>: Hof, Hof2<\/p>\n<p>Passwort: carpediem<\/p>\n<p><strong><u>\u00a0<\/u><\/strong><\/p>\n<p><strong><u>24-Stunden-Telefon-Notdienst: <\/u><\/strong><\/p>\n<p>Bitte wenden Sie sich vor Ihrer An- und Abreise sowie w\u00e4hrend Ihres Aufenthaltes f\u00fcr Fragen zur problemlosen Nutzung des G\u00e4stehauses an folgende Kontaktdaten:<\/p>\n<p>dr. Angelika T\u00f3th (Gastgeberin): +36\/70-4287612.<\/p>\n<p>Der Eigent\u00fcmer ist auf Wunsch zur angegebenen Ankunfts-\/Abreisezeit anwesend.<\/p>\n<p><strong><u>Ein Zimmer belegen<\/u><\/strong> Check-in ab 15:00 Uhr, Check-out bis sp\u00e4testens 10:30 Uhr. Ein- und Ausgang erfolgen \u00fcber einen Schl\u00fcsselsafe.<\/p>\n<p><strong><u>Leistungen:<\/u><\/strong><\/p>\n<p>Fr\u00fchst\u00fcck, ausschlie\u00dfliche Nutzung des Hofes: Whirlpool, Gartendusche, Sonnenliegen, Schaukelbett, Fahrr\u00e4der, Nutzung des Gartenofens, Verzehr von saisonalem Gem\u00fcse und Obst im Hof.<\/p>\n<p>Exklusive Nutzung des Carpe-Diem-Weinkellers direkt neben dem Haus.<\/p>\n<p>Bei einem Aufenthalt von mehr als einer Woche sorge ich ab dem 6. Tag einmal pro Woche f\u00fcr Reinigung, Bettw\u00e4sche- und Handtuchwechsel.<\/p>\n<p><strong><u>\u00a0<\/u><\/strong><\/p>\n<p><strong><u>Morgen:<\/u><\/strong> Sie werden zwischen 8:15 und 8:45 Uhr am Fr\u00fchst\u00fcckstisch auf der Terrasse eintreffen. Bitte stellen Sie die Vorratsbeh\u00e4lter und Gl\u00e4ser bis 9:00 Uhr am n\u00e4chsten Morgen auf den Tisch.<\/p>\n<p><strong><u>Ausr\u00fcstung:<\/u><\/strong><\/p>\n<p><strong>K\u00fcche:<\/strong> K\u00fchlschrank mit Gefrierfach, Kaffeemaschine (LatteGo-Kaffeemaschine mit 12 Funktionen und Kaffeemaschine mit Klick), Kaffee (gemahlen und ganz), Tees, Zucker (braun und wei\u00df), Honig, Canderel, Gew\u00fcrze (Salz, Pfeffer), \u00d6le (Oliven\u00f6l und Sonnenblumen\u00f6l), Toaster, Backofen, Mikrowelle, Herd, Dunstabzugshaube, Geschirrsp\u00fcler.<\/p>\n<p>Die Wasserauffangschale des LatteGo sollte je nach Nutzungsh\u00e4ufigkeit (wenn die rote Anzeige steigt) herausgezogen und in die Sp\u00fcle gegossen werden.<\/p>\n<p><strong>Badezimmer: <\/strong>Waschmaschine und Trockner (Bunt- und Wei\u00dfwaschmittel und Weichsp\u00fcler), Handtuchtrockner-Heizk\u00f6rper, Badezimmerkosmetik (Fl\u00fcssigseife, Duschgel, Shampoo, Haarsp\u00fclung, Handcreme, Zahnb\u00fcrste, Zahnpasta, Zahnseide, Gesichtsreinigungsscheibe), 3 Handt\u00fccher ( klein, mittel, gro\u00df), 1 Bademantel pro Person, Haartrockner, Haartrockner.<\/p>\n<p><strong>Vorzimmer: <\/strong>B\u00fcgeleisen und B\u00fcgeleisen, Schuhpflegeset, Schuhl\u00f6ffel, N\u00e4hzeug, Regenschirm und Regenmantel, G\u00e4stehausschuhe.<\/p>\n<p><strong>Heizung: <\/strong>mit regelbarem Thermostat.<\/p>\n<p><strong>Schlafzimmer: <\/strong>Zimmersafe, B\u00fcgelbrett, <strong>JBL<\/strong>: Bluetooth-Verbindung JBL Charge 5.<\/p>\n<p><strong>Auf der Veranda: <\/strong>W\u00e4schetrockner, Sonnenliegen. Nachts stellen Sie die Sonnenliegen bitte wieder auf die Veranda.<\/p>\n<p><strong>Auf der Terrasse: <\/strong>Zeitgesteuerte Stimmungsbeleuchtung.<\/p>\n<p><strong><u>Gartenofen<\/u><\/strong><u>:<\/u> Werkzeuge zum Kochen und Braten von Speck, Brennholz, in einem Fahrradkeller untergebracht. Sp\u00fclen Sie die Glut nach dem Backen und Kochen unbedingt gr\u00fcndlich mit Wasser aus!<\/p>\n<p><strong><u>Fahrradkeller: <\/u><\/strong>Ein Damen- und ein Herrenfahrrad mit Gangschaltung, Fahrradpumpe.<\/p>\n<p><strong><u>Weinkeller:<\/u><\/strong> Der Schl\u00fcssel h\u00e4ngt am Schl\u00fcsselhalter in der K\u00fcche. Im Weinkeller gibt es drei Arten lokaler Weine: Wei\u00dfwein, Ros\u00e9wein und Rotwein. Im oberen Teil des Weinkellers befinden sich Weinausgie\u00dfer und Weingl\u00e4ser sowie ein kleiner Tisch und St\u00fchle, die auch im Panoramabereich vor dem Weinkeller genutzt werden k\u00f6nnen.<\/p>\n<p>Im Keller gibt es Bewegungsmelderleuchten. Wenn Sie vom unteren Teil des Kellers heraufkommen, achten Sie bitte darauf, die Holzt\u00fcr zu schlie\u00dfen, um die richtige Temperatur im Keller zu gew\u00e4hrleisten.<\/p>\n<p>Weitere Weine und Champagner sind auf Anfrage erh\u00e4ltlich <strong>im Esszimmer<\/strong> auf dem Weinregal, dessen Preise der aush\u00e4ngenden Weinkarte zu entnehmen sind und die vor Ort in bar an der aush\u00e4ngenden Kasse zu entrichten sind.<\/p>\n<p><strong><u>Klima:<\/u><\/strong>\u00a0Das G\u00e4stehaus verf\u00fcgt \u00fcber zwei Klimaanlagen: im Schlafzimmer und im Esszimmer.<\/p>\n<p><strong><u>Haustiere<\/u><\/strong> Es kann nach vorheriger Absprache und Zahlung einer Kaution von 20.000 HUF zur Unterkunft gebracht werden. Der Hund kann drinnen im Flur oder in einem separaten, beheizten Haus auf dem Grundst\u00fcck schlafen.<\/p>\n<p><strong><u>Rauchen<\/u><\/strong> Im Haus befindet sich ein nicht zugelassener Rauch- und Kohlenmonoxidmelder. Auf der Veranda und Terrasse ist die Nutzung der bereitgestellten geschlossenen Aschenbecher gestattet.<\/p>\n<p>&nbsp;<\/p>\n<p><strong><u>Verwendung eines Topfes:<\/u><\/strong><\/p>\n<p>Bitte duschen Sie, bevor Sie die Wanne benutzen, und nutzen Sie die Fu\u00dfwaschwanne. Sie k\u00f6nnen den Bottich des Fu\u00dfwaschers mit Brunnenwasser f\u00fcllen, indem Sie den Schalter am Brunnen bet\u00e4tigen. Nachts stellen Sie bitte das Dach auf. Den Stimmungslichtschalter finden Sie neben dem Bademantelhalter.<\/p>\n<p>Die Temperatur des Whirlpools betr\u00e4gt im Winter und Sommer 35-40 Grad Celsius.<\/p>\n<p>Die Badewanne enth\u00e4lt Salzwasser. Salzwasser wirkt beruhigend auf die Nerven, lindert Entz\u00fcndungen, ist wohltuend bei chronischen Atemwegserkrankungen, Gelenk- und rheumatischen Beschwerden, regt den Hautstoffwechsel an, wirkt erfrischend und beruhigend und hat dar\u00fcber hinaus unz\u00e4hlige weitere bekannte positive Wirkungen.<\/p>\n<p>Dieses polnische Salz befindet sich in einem der reinsten und wertvollsten Salzvorkommen Europas und stammt aus dem Salzbergwerk Klodawa. In 100% ist es nat\u00fcrlich, nicht jodiert und frei von Zusatzstoffen. Es entstand vor 250 Millionen Jahren bei der nat\u00fcrlichen Verdunstung der Meere. Meersalz ohne die Verschmutzung der modernen Zivilisation.<\/p>\n<p><strong><u>Gartendusche: <\/u><\/strong>Warmwasser-Solardusche mit Brunnenwasser.<\/p>\n<p>&nbsp;<\/p>\n<p><strong>Cser\u00e9pfalu ist ein lebendiges Museum f\u00fcr Volksarchitektur. Bitte k\u00fcmmern Sie sich um dieses Haus aus dem Jahr 1821.<\/strong><\/p>\n<p><strong>Vielen Dank, dass Sie Ihren Urlaub bei mir verbracht haben, ich w\u00fcnsche Ihnen einen angenehmen Aufenthalt hier!<\/strong><\/p>\n<p><strong>dr. Angelika T\u00f3th<\/strong><\/p>","protected":false},"excerpt":{"rendered":"<p>Carpe diem H\u00e1zirend\/Vend\u00e9gt\u00e1j\u00e9koztat\u00f3: \u00a0 Ingyenes Wifi el\u00e9rhet\u0151s\u00e9gek: H\u00e1l\u00f3zat neve h\u00e1zban: Carpediem Jelsz\u00f3: Angelika11 H\u00e1l\u00f3zat neve udvaron: udvar, udvar2 Jelsz\u00f3: carpediem \u00a0 24 \u00f3r\u00e1s telefonos \u00fcgyeleti szolg\u00e1ltat\u00e1s: \u00c9rkez\u00e9s \u00e9s t\u00e1voz\u00e1s el\u0151tt, tov\u00e1bb\u00e1 itt tart\u00f3zkod\u00e1s alatt felmer\u00fcl\u0151 k\u00e9rd\u00e9seivel illetve a vend\u00e9gh\u00e1z probl\u00e9mamentes haszn\u00e1lat\u00e1val kapcsolatban k\u00e9rem az al\u00e1bbi el\u00e9rhet\u0151s\u00e9get h\u00edvja: dr. T\u00f3th Angelika (vend\u00e9gl\u00e1t\u00f3-tulajdonos): +36\/70-4287612. A megadott \u00e9rkez\u00e9si\/elutaz\u00e1si [&hellip;]<\/p>\n","protected":false},"author":2,"featured_media":0,"parent":0,"menu_order":0,"comment_status":"closed","ping_status":"closed","template":"","meta":{"footnotes":""},"class_list":["post-632","page","type-page","status-publish","hentry"],"_links":{"self":[{"href":"https:\/\/carpediemvendeghaz.hu\/de\/wp-json\/wp\/v2\/pages\/632","targetHints":{"allow":["GET"]}}],"collection":[{"href":"https:\/\/carpediemvendeghaz.hu\/de\/wp-json\/wp\/v2\/pages"}],"about":[{"href":"https:\/\/carpediemvendeghaz.hu\/de\/wp-json\/wp\/v2\/types\/page"}],"author":[{"embeddable":true,"href":"https:\/\/carpediemvendeghaz.hu\/de\/wp-json\/wp\/v2\/users\/2"}],"replies":[{"embeddable":true,"href":"https:\/\/carpediemvendeghaz.hu\/de\/wp-json\/wp\/v2\/comments?post=632"}],"version-history":[{"count":0,"href":"https:\/\/carpediemvendeghaz.hu\/de\/wp-json\/wp\/v2\/pages\/632\/revisions"}],"wp:attachment":[{"href":"https:\/\/carpediemvendeghaz.hu\/de\/wp-json\/wp\/v2\/media?parent=632"}],"curies":[{"name":"wp","href":"https:\/\/api.w.org\/{rel}","templated":true}]}}