{"id":1096,"date":"2024-09-04T07:14:15","date_gmt":"2024-09-04T07:14:15","guid":{"rendered":"https:\/\/carpediemvendeghaz.hu\/?page_id=1096"},"modified":"2024-09-04T07:14:26","modified_gmt":"2024-09-04T07:14:26","slug":"kamera-rendszer-tajekoztato","status":"publish","type":"page","link":"https:\/\/carpediemvendeghaz.hu\/es\/kamera-rendszer-tajekoztato\/","title":{"rendered":"Informaci\u00f3n del sistema de c\u00e1mara"},"content":{"rendered":"<h3><strong>Informaci\u00f3n sobre el uso del sistema de seguimiento electr\u00f3nico instalado en la zona de alojamiento<\/strong><\/h3>\n<p><strong>1. Nombre del responsable del tratamiento, operador del sistema de seguimiento electr\u00f3nico:<\/strong><\/p>\n<p id=\"h.gjdgxs\"><strong>Carpe Diem Pensi\u00f3n alojamiento<\/strong><\/p>\n<p>Sede: 3413 Cser\u00e9pfalu, Berezdalja \u00fat 56.<br \/>\nN\u00famero de tel\u00e9fono: +36 70 428 7612<br \/>\nNombre del representante: dr. Angelika T\u00f3th<\/p>\n<p>2. Le informamos que el prestador del servicio \u2013como responsable del tratamiento\u2013 <strong>protecci\u00f3n de activos<\/strong> Para ello utiliza un sistema de seguimiento electr\u00f3nico que permite la observaci\u00f3n directa, la grabaci\u00f3n y el almacenamiento de im\u00e1genes. \u00a0<strong>Las c\u00e1maras que funcionan en el alojamiento del prestador de servicios est\u00e1n dirigidas a la siguiente zona:<\/strong><\/p>\n<p>Habitaciones monitoreadas por c\u00e1mara:<\/p>\n<ol>\n<li><em>\u00a0Monitoreo de la entrada principal externa de la casa.<\/em><\/li>\n<li><em>Monitoreo de la entrada lateral externa de la casa.<\/em><\/li>\n<\/ol>\n<p>Alcance de los datos procesados: los rostros de los invitados y otras personas en el campo de visi\u00f3n de las c\u00e1maras, sin la voz ni otros datos personales.<\/p>\n<p>El sistema de c\u00e1mara funciona de 0 a 24 horas.<\/p>\n<p>Le informamos que la grabaci\u00f3n de im\u00e1genes y sonidos para el funcionamiento del sistema de vigilancia electr\u00f3nica est\u00e1 regulada por Szvtv. Sobre la base del consentimiento expreso seg\u00fan el art\u00edculo 30, p\u00e1rrafo (2), se lleva a cabo con el fin de probar violaciones para proteger la propiedad, como se detalla a continuaci\u00f3n. Nos gustar\u00eda llamar su atenci\u00f3n sobre el hecho de que se considera un consentimiento expreso al tratamiento de datos si usted se encuentra en la zona monitoreada por la c\u00e1mara y conoce esta informaci\u00f3n.<\/p>\n<p><strong>3. La base legal para este tratamiento de datos:<\/strong>\u00a0hacer valer los intereses leg\u00edtimos del responsable del tratamiento.<\/p>\n<p><strong>4. Tiempo de almacenamiento:\u00a0<\/strong>Las grabaciones podr\u00e1n conservarse por un m\u00e1ximo de 30 (treinta) d\u00edas h\u00e1biles si no se utilizan. Se considera uso si la imagen grabada y otros datos personales est\u00e1n destinados a ser utilizados como prueba en un tribunal u otros procedimientos oficiales.<\/p>\n<p><strong>5. Lugar de almacenamiento:<\/strong>\u00a0sede del responsable del tratamiento.<\/p>\n<p><strong>6. Tienen derecho a ver la grabaci\u00f3n:<\/strong>\u00a0Adem\u00e1s de aquellos autorizados por la ley, los propietarios del alojamiento tienen derecho a consultar los datos registrados por el sistema de seguimiento electr\u00f3nico con el fin de revelar infracciones legales y comprobar el funcionamiento del sistema.<\/p>\n<p><strong>7. Medidas de seguridad de los datos:<\/strong><\/p>\n<p>La transferencia de datos s\u00f3lo es posible si existe un procedimiento por conducta il\u00edcita o incumplimiento de obligaci\u00f3n, y \u00fanicamente a las autoridades o tribunales que llevan el procedimiento. Los datos transferidos podr\u00e1n incluir las grabaciones realizadas por el sistema de c\u00e1maras que contengan informaci\u00f3n relevante, as\u00ed como los nombres de las personas que puedan aparecer en las grabaciones.<\/p>\n<p><strong>8. Informaci\u00f3n sobre los derechos del interesado y sobre la aplicaci\u00f3n de la ley<\/strong><\/p>\n<p>La persona cuyo derecho o inter\u00e9s leg\u00edtimo se vea afectado por la grabaci\u00f3n de imagen, sonido o datos de grabaci\u00f3n de imagen y sonido podr\u00e1, dentro de los tres d\u00edas h\u00e1biles siguientes a la grabaci\u00f3n, solicitar al responsable del tratamiento la destrucci\u00f3n de los datos acreditando su derecho o inter\u00e9s leg\u00edtimo, no no destruirlo.<\/p>\n<p>Los derechos del interesado se detallan en nuestra Informaci\u00f3n de Gesti\u00f3n de Datos.<\/p>\n<p><strong>Autoridad de Supervisi\u00f3n:<\/strong><\/p>\n<p>Autoridad Nacional de Protecci\u00f3n de Datos y Libertad de Informaci\u00f3n<br \/>\ndomicilio social: 1055 Budapest, Falk Miksa utca 9-11.<br \/>\nTel\u00e9fono: +36 (30) 683-5969, +36 (30) 549-6838<br \/>\nDirecci\u00f3n de correo electr\u00f3nico: ugyfelszolgalat@naih.hu<\/p>","protected":false},"excerpt":{"rendered":"<p>T\u00e1j\u00e9koztat\u00f3 a sz\u00e1ll\u00e1shely ter\u00fclet\u00e9n felszerelt elektronikus megfigyel\u0151rendszer alkalmaz\u00e1s\u00e1r\u00f3l 1. Adatkezel\u0151, elektronikus megfigyel\u0151rendszer \u00fczemeltet\u0151j\u00e9nek megnevez\u00e9se: Carpe Diem Vend\u00e9gh\u00e1z sz\u00e1ll\u00e1shely Sz\u00e9khelye: 3413 Cser\u00e9pfalu, Berezdalja \u00fat 56. Telefonsz\u00e1m: +36 70 428 7612 K\u00e9pvisel\u0151 neve: dr. T\u00f3th Angelika 2. T\u00e1j\u00e9koztatjuk, hogy a szolg\u00e1ltat\u00f3 \u2013 mint adatkezel\u0151 \u2013 vagyonv\u00e9delem c\u00e9lj\u00e1b\u00f3l elektronikus megfigyel\u0151rendszert alkalmaz, amely k\u00f6zvetlen megfigyel\u00e9st, k\u00e9pr\u00f6gz\u00edt\u00e9st \u00e9s t\u00e1rol\u00e1st is [&hellip;]<\/p>\n","protected":false},"author":2,"featured_media":0,"parent":0,"menu_order":0,"comment_status":"closed","ping_status":"closed","template":"","meta":{"footnotes":""},"class_list":["post-1096","page","type-page","status-publish","hentry"],"_links":{"self":[{"href":"https:\/\/carpediemvendeghaz.hu\/es\/wp-json\/wp\/v2\/pages\/1096","targetHints":{"allow":["GET"]}}],"collection":[{"href":"https:\/\/carpediemvendeghaz.hu\/es\/wp-json\/wp\/v2\/pages"}],"about":[{"href":"https:\/\/carpediemvendeghaz.hu\/es\/wp-json\/wp\/v2\/types\/page"}],"author":[{"embeddable":true,"href":"https:\/\/carpediemvendeghaz.hu\/es\/wp-json\/wp\/v2\/users\/2"}],"replies":[{"embeddable":true,"href":"https:\/\/carpediemvendeghaz.hu\/es\/wp-json\/wp\/v2\/comments?post=1096"}],"version-history":[{"count":0,"href":"https:\/\/carpediemvendeghaz.hu\/es\/wp-json\/wp\/v2\/pages\/1096\/revisions"}],"wp:attachment":[{"href":"https:\/\/carpediemvendeghaz.hu\/es\/wp-json\/wp\/v2\/media?parent=1096"}],"curies":[{"name":"wp","href":"https:\/\/api.w.org\/{rel}","templated":true}]}}