{"id":208,"date":"2024-08-21T11:47:50","date_gmt":"2024-08-21T11:47:50","guid":{"rendered":"https:\/\/carpediemvendeghaz.hu\/?page_id=208"},"modified":"2026-02-02T11:11:19","modified_gmt":"2026-02-02T11:11:19","slug":"kapcsolat","status":"publish","type":"page","link":"https:\/\/carpediemvendeghaz.hu\/es\/kapcsolat\/","title":{"rendered":"Contacto"},"content":{"rendered":"\t\t<div data-elementor-type=\"wp-page\" data-elementor-id=\"208\" class=\"elementor elementor-208\" data-elementor-post-type=\"page\">\n\t\t\t\t\t\t<section class=\"elementor-section elementor-top-section elementor-element elementor-element-5dbc131c elementor-section-boxed elementor-section-height-default elementor-section-height-default\" data-id=\"5dbc131c\" data-element_type=\"section\" data-e-type=\"section\" data-settings=\"{&quot;background_background&quot;:&quot;classic&quot;}\">\n\t\t\t\t\t\t\t<div class=\"elementor-background-overlay\"><\/div>\n\t\t\t\t\t\t\t<div class=\"elementor-container elementor-column-gap-default\">\n\t\t\t\t\t<div class=\"elementor-column elementor-col-100 elementor-top-column elementor-element elementor-element-3cd2495f\" data-id=\"3cd2495f\" data-element_type=\"column\" data-e-type=\"column\">\n\t\t\t<div class=\"elementor-widget-wrap elementor-element-populated\">\n\t\t\t\t\t\t\t<\/div>\n\t\t<\/div>\n\t\t\t\t\t<\/div>\n\t\t<\/section>\n\t\t\t\t<section class=\"elementor-section elementor-top-section elementor-element elementor-element-1b8dfbde elementor-reverse-mobile elementor-section-boxed elementor-section-height-default elementor-section-height-default\" data-id=\"1b8dfbde\" data-element_type=\"section\" data-e-type=\"section\">\n\t\t\t\t\t\t<div class=\"elementor-container elementor-column-gap-default\">\n\t\t\t\t\t<div class=\"elementor-column elementor-col-50 elementor-top-column elementor-element elementor-element-7d4130ed\" data-id=\"7d4130ed\" data-element_type=\"column\" data-e-type=\"column\">\n\t\t\t<div class=\"elementor-widget-wrap elementor-element-populated\">\n\t\t\t\t\t\t<div class=\"elementor-element elementor-element-c5f81a2 elementor-widget elementor-widget-heading\" data-id=\"c5f81a2\" data-element_type=\"widget\" data-e-type=\"widget\" data-widget_type=\"heading.default\">\n\t\t\t\t<div class=\"elementor-widget-container\">\n\t\t\t\t\t<h2 class=\"elementor-heading-title elementor-size-default\">K\u00e9rd\u00e9setek van? \u00cdrjatok nek\u00fcnk!<\/h2>\t\t\t\t<\/div>\n\t\t\t\t<\/div>\n\t\t\t\t<div class=\"elementor-element elementor-element-87b579a elementor-widget elementor-widget-image\" data-id=\"87b579a\" data-element_type=\"widget\" data-e-type=\"widget\" data-widget_type=\"image.default\">\n\t\t\t\t<div class=\"elementor-widget-container\">\n\t\t\t\t\t\t\t\t\t\t\t\t\t\t\t<img fetchpriority=\"high\" decoding=\"async\" width=\"1535\" height=\"360\" src=\"https:\/\/carpediemvendeghaz.hu\/wp-content\/uploads\/2024\/08\/bor-divider-barna.png\" class=\"attachment-full size-full wp-image-747\" alt=\"\" srcset=\"https:\/\/carpediemvendeghaz.hu\/wp-content\/uploads\/2024\/08\/bor-divider-barna.png 1535w, https:\/\/carpediemvendeghaz.hu\/wp-content\/uploads\/2024\/08\/bor-divider-barna-600x141.png 600w, https:\/\/carpediemvendeghaz.hu\/wp-content\/uploads\/2024\/08\/bor-divider-barna-300x70.png 300w, https:\/\/carpediemvendeghaz.hu\/wp-content\/uploads\/2024\/08\/bor-divider-barna-1024x240.png 1024w, https:\/\/carpediemvendeghaz.hu\/wp-content\/uploads\/2024\/08\/bor-divider-barna-768x180.png 768w, https:\/\/carpediemvendeghaz.hu\/wp-content\/uploads\/2024\/08\/bor-divider-barna-18x4.png 18w\" sizes=\"(max-width: 1535px) 100vw, 1535px\" \/>\t\t\t\t\t\t\t\t\t\t\t\t\t\t\t<\/div>\n\t\t\t\t<\/div>\n\t\t\t\t<div class=\"elementor-element elementor-element-2a42a22d elementor-button-align-stretch elementor-widget elementor-widget-form\" data-id=\"2a42a22d\" data-element_type=\"widget\" data-e-type=\"widget\" data-settings=\"{&quot;step_next_label&quot;:&quot;Next&quot;,&quot;step_previous_label&quot;:&quot;Previous&quot;,&quot;button_width&quot;:&quot;100&quot;,&quot;step_type&quot;:&quot;number_text&quot;,&quot;step_icon_shape&quot;:&quot;circle&quot;}\" data-widget_type=\"form.default\">\n\t\t\t\t<div class=\"elementor-widget-container\">\n\t\t\t\t\t\t\t<form class=\"elementor-form\" method=\"post\" name=\"New Form\" aria-label=\"New Form\">\n\t\t\t<input type=\"hidden\" name=\"post_id\" value=\"208\"\/>\n\t\t\t<input type=\"hidden\" name=\"form_id\" value=\"2a42a22d\"\/>\n\t\t\t<input type=\"hidden\" name=\"referer_title\" value=\"Kapcsolat\" \/>\n\n\t\t\t\t\t\t\t<input type=\"hidden\" name=\"queried_id\" value=\"208\"\/>\n\t\t\t\n\t\t\t<div class=\"elementor-form-fields-wrapper elementor-labels-\">\n\t\t\t\t\t\t\t\t<div class=\"elementor-field-type-text elementor-field-group elementor-column elementor-field-group-nev elementor-col-100 elementor-field-required\">\n\t\t\t\t\t\t\t\t\t\t\t\t<label for=\"form-field-nev\" class=\"elementor-field-label elementor-screen-only\">\n\t\t\t\t\t\t\t\tN\u00e9v\t\t\t\t\t\t\t<\/label>\n\t\t\t\t\t\t\t\t\t\t\t\t\t\t<input size=\"1\" type=\"text\" name=\"form_fields[nev]\" id=\"form-field-nev\" class=\"elementor-field elementor-size-md  elementor-field-textual\" placeholder=\"N\u00e9v\" required=\"required\">\n\t\t\t\t\t\t\t\t\t\t\t<\/div>\n\t\t\t\t\t\t\t\t<div class=\"elementor-field-type-tel elementor-field-group elementor-column elementor-field-group-telefonszam elementor-col-50 elementor-field-required\">\n\t\t\t\t\t\t\t\t\t\t\t\t<label for=\"form-field-telefonszam\" class=\"elementor-field-label elementor-screen-only\">\n\t\t\t\t\t\t\t\tTelefonsz\u00e1m\t\t\t\t\t\t\t<\/label>\n\t\t\t\t\t\t\t\t<input size=\"1\" type=\"tel\" name=\"form_fields[telefonszam]\" id=\"form-field-telefonszam\" class=\"elementor-field elementor-size-md  elementor-field-textual\" placeholder=\"Telefonsz\u00e1m\" required=\"required\" pattern=\"[0-9()#&amp;+*-=.]+\" title=\"Csak sz\u00e1mok \u00e9s telefonsz\u00e1mok (#, -, * stb.) fogadhat\u00f3k el.\">\n\n\t\t\t\t\t\t<\/div>\n\t\t\t\t\t\t\t\t<div class=\"elementor-field-type-email elementor-field-group elementor-column elementor-field-group-email elementor-col-50 elementor-field-required\">\n\t\t\t\t\t\t\t\t\t\t\t\t<label for=\"form-field-email\" class=\"elementor-field-label elementor-screen-only\">\n\t\t\t\t\t\t\t\tE-mail c\u00edm\t\t\t\t\t\t\t<\/label>\n\t\t\t\t\t\t\t\t\t\t\t\t\t\t<input size=\"1\" type=\"email\" name=\"form_fields[email]\" id=\"form-field-email\" class=\"elementor-field elementor-size-md  elementor-field-textual\" placeholder=\"E-mail c\u00edm\" required=\"required\">\n\t\t\t\t\t\t\t\t\t\t\t<\/div>\n\t\t\t\t\t\t\t\t<div class=\"elementor-field-type-date elementor-field-group elementor-column elementor-field-group-erkezes elementor-col-50\">\n\t\t\t\t\t\t\t\t\t\t\t\t<label for=\"form-field-erkezes\" class=\"elementor-field-label elementor-screen-only\">\n\t\t\t\t\t\t\t\t\u00c9rkez\u00e9s\t\t\t\t\t\t\t<\/label>\n\t\t\t\t\t\t\n\t\t<input type=\"date\" name=\"form_fields[erkezes]\" id=\"form-field-erkezes\" class=\"elementor-field elementor-size-md  elementor-field-textual elementor-date-field\" placeholder=\"\u00c9rkez\u00e9s\" pattern=\"[0-9]{4}-[0-9]{2}-[0-9]{2}\">\n\t\t\t\t\t\t<\/div>\n\t\t\t\t\t\t\t\t<div class=\"elementor-field-type-date elementor-field-group elementor-column elementor-field-group-tavozas elementor-col-50\">\n\t\t\t\t\t\t\t\t\t\t\t\t<label for=\"form-field-tavozas\" class=\"elementor-field-label elementor-screen-only\">\n\t\t\t\t\t\t\t\tT\u00e1voz\u00e1s\t\t\t\t\t\t\t<\/label>\n\t\t\t\t\t\t\n\t\t<input type=\"date\" name=\"form_fields[tavozas]\" id=\"form-field-tavozas\" class=\"elementor-field elementor-size-md  elementor-field-textual elementor-date-field\" placeholder=\"T\u00e1voz\u00e1s\" pattern=\"[0-9]{4}-[0-9]{2}-[0-9]{2}\">\n\t\t\t\t\t\t<\/div>\n\t\t\t\t\t\t\t\t<div class=\"elementor-field-type-textarea elementor-field-group elementor-column elementor-field-group-uzenet elementor-col-100\">\n\t\t\t\t\t\t\t\t\t\t\t\t<label for=\"form-field-uzenet\" class=\"elementor-field-label elementor-screen-only\">\n\t\t\t\t\t\t\t\t\u00dczenet\t\t\t\t\t\t\t<\/label>\n\t\t\t\t\t\t<textarea class=\"elementor-field-textual elementor-field  elementor-size-md\" name=\"form_fields[uzenet]\" id=\"form-field-uzenet\" rows=\"4\" placeholder=\"\u00dczenet\"><\/textarea>\t\t\t\t<\/div>\n\t\t\t\t\t\t\t\t<div class=\"elementor-field-type-acceptance elementor-field-group elementor-column elementor-field-group-field_b127a94 elementor-col-100\">\n\t\t\t\t\t\t\t\t\t\t\t\t<label for=\"form-field-field_b127a94\" class=\"elementor-field-label elementor-screen-only\">\n\t\t\t\t\t\t\t\t\u00dczenet\t\t\t\t\t\t\t<\/label>\n\t\t\t\t\t\t\t\t<div class=\"elementor-field-subgroup\">\n\t\t\t<span class=\"elementor-field-option\">\n\t\t\t\t<input type=\"checkbox\" name=\"form_fields[field_b127a94]\" id=\"form-field-field_b127a94\" class=\"elementor-field elementor-size-md  elementor-acceptance-field\">\n\t\t\t\t<label for=\"form-field-field_b127a94\">Hozz\u00e1j\u00e1rulok az adataim kezel\u00e9s\u00e9hez \u00e9s elfogadom az <a href=\"https:\/\/carpediemvendeghaz.hu\/adatkezelesi-tajekoztato\/\">Adatkezel\u00e9si t\u00e1j\u00e9koztat\u00f3<\/a>-t<\/label>\t\t\t<\/span>\n\t\t<\/div>\n\t\t\t\t\t\t<\/div>\n\t\t\t\t\t\t\t\t<div class=\"elementor-field-group elementor-column elementor-field-type-submit elementor-col-100 e-form__buttons\">\n\t\t\t\t\t<button class=\"elementor-button elementor-size-lg\" type=\"submit\">\n\t\t\t\t\t\t<span class=\"elementor-button-content-wrapper\">\n\t\t\t\t\t\t\t\t\t\t\t\t\t\t\t\t\t\t\t\t\t\t<span class=\"elementor-button-text\">\u00dczenet k\u00fcld\u00e9se<\/span>\n\t\t\t\t\t\t\t\t\t\t\t\t\t<\/span>\n\t\t\t\t\t<\/button>\n\t\t\t\t<\/div>\n\t\t\t<\/div>\n\t\t<\/form>\n\t\t\t\t\t\t<\/div>\n\t\t\t\t<\/div>\n\t\t\t\t\t<\/div>\n\t\t<\/div>\n\t\t\t\t<div class=\"elementor-column elementor-col-50 elementor-top-column elementor-element elementor-element-39ab1133 elementor-invisible\" data-id=\"39ab1133\" data-element_type=\"column\" data-e-type=\"column\" data-settings=\"{&quot;background_background&quot;:&quot;classic&quot;,&quot;animation&quot;:&quot;bounceInUp&quot;,&quot;animation_delay&quot;:480}\">\n\t\t\t<div class=\"elementor-widget-wrap elementor-element-populated\">\n\t\t\t\t\t\t<div class=\"elementor-element elementor-element-2308c0cd elementor-widget elementor-widget-heading\" data-id=\"2308c0cd\" data-element_type=\"widget\" data-e-type=\"widget\" data-widget_type=\"heading.default\">\n\t\t\t\t<div class=\"elementor-widget-container\">\n\t\t\t\t\t<h2 class=\"elementor-heading-title elementor-size-default\">El\u00e9rhet\u0151s\u00e9gek<\/h2>\t\t\t\t<\/div>\n\t\t\t\t<\/div>\n\t\t\t\t<div class=\"elementor-element elementor-element-9dbda3f elementor-widget elementor-widget-image\" data-id=\"9dbda3f\" data-element_type=\"widget\" data-e-type=\"widget\" data-widget_type=\"image.default\">\n\t\t\t\t<div class=\"elementor-widget-container\">\n\t\t\t\t\t\t\t\t\t\t\t\t\t\t\t<img fetchpriority=\"high\" decoding=\"async\" width=\"1535\" height=\"360\" src=\"https:\/\/carpediemvendeghaz.hu\/wp-content\/uploads\/2024\/08\/bor-divider-barna.png\" class=\"attachment-full size-full wp-image-747\" alt=\"\" srcset=\"https:\/\/carpediemvendeghaz.hu\/wp-content\/uploads\/2024\/08\/bor-divider-barna.png 1535w, https:\/\/carpediemvendeghaz.hu\/wp-content\/uploads\/2024\/08\/bor-divider-barna-600x141.png 600w, https:\/\/carpediemvendeghaz.hu\/wp-content\/uploads\/2024\/08\/bor-divider-barna-300x70.png 300w, https:\/\/carpediemvendeghaz.hu\/wp-content\/uploads\/2024\/08\/bor-divider-barna-1024x240.png 1024w, https:\/\/carpediemvendeghaz.hu\/wp-content\/uploads\/2024\/08\/bor-divider-barna-768x180.png 768w, https:\/\/carpediemvendeghaz.hu\/wp-content\/uploads\/2024\/08\/bor-divider-barna-18x4.png 18w\" sizes=\"(max-width: 1535px) 100vw, 1535px\" \/>\t\t\t\t\t\t\t\t\t\t\t\t\t\t\t<\/div>\n\t\t\t\t<\/div>\n\t\t\t\t<div class=\"elementor-element elementor-element-f6b23b2 elementor-icon-list--layout-traditional elementor-list-item-link-full_width elementor-widget elementor-widget-icon-list\" data-id=\"f6b23b2\" data-element_type=\"widget\" data-e-type=\"widget\" data-widget_type=\"icon-list.default\">\n\t\t\t\t<div class=\"elementor-widget-container\">\n\t\t\t\t\t\t\t<ul class=\"elementor-icon-list-items\">\n\t\t\t\t\t\t\t<li class=\"elementor-icon-list-item\">\n\t\t\t\t\t\t\t\t\t\t\t<span class=\"elementor-icon-list-icon\">\n\t\t\t\t\t\t\t<svg aria-hidden=\"true\" class=\"e-font-icon-svg e-fas-map-marker-alt\" viewBox=\"0 0 384 512\" xmlns=\"http:\/\/www.w3.org\/2000\/svg\"><path d=\"M172.268 501.67C26.97 291.031 0 269.413 0 192 0 85.961 85.961 0 192 0s192 85.961 192 192c0 77.413-26.97 99.031-172.268 309.67-9.535 13.774-29.93 13.773-39.464 0zM192 272c44.183 0 80-35.817 80-80s-35.817-80-80-80-80 35.817-80 80 35.817 80 80 80z\"><\/path><\/svg>\t\t\t\t\t\t<\/span>\n\t\t\t\t\t\t\t\t\t\t<span class=\"elementor-icon-list-text\">3413 Cser\u00e9pfalu, Berezdalja \u00fat 56.<\/span>\n\t\t\t\t\t\t\t\t\t<\/li>\n\t\t\t\t\t\t\t\t<li class=\"elementor-icon-list-item\">\n\t\t\t\t\t\t\t\t\t\t\t<span class=\"elementor-icon-list-icon\">\n\t\t\t\t\t\t\t<svg aria-hidden=\"true\" class=\"e-font-icon-svg e-fas-envelope\" viewBox=\"0 0 512 512\" xmlns=\"http:\/\/www.w3.org\/2000\/svg\"><path d=\"M502.3 190.8c3.9-3.1 9.7-.2 9.7 4.7V400c0 26.5-21.5 48-48 48H48c-26.5 0-48-21.5-48-48V195.6c0-5 5.7-7.8 9.7-4.7 22.4 17.4 52.1 39.5 154.1 113.6 21.1 15.4 56.7 47.8 92.2 47.6 35.7.3 72-32.8 92.3-47.6 102-74.1 131.6-96.3 154-113.7zM256 320c23.2.4 56.6-29.2 73.4-41.4 132.7-96.3 142.8-104.7 173.4-128.7 5.8-4.5 9.2-11.5 9.2-18.9v-19c0-26.5-21.5-48-48-48H48C21.5 64 0 85.5 0 112v19c0 7.4 3.4 14.3 9.2 18.9 30.6 23.9 40.7 32.4 173.4 128.7 16.8 12.2 50.2 41.8 73.4 41.4z\"><\/path><\/svg>\t\t\t\t\t\t<\/span>\n\t\t\t\t\t\t\t\t\t\t<span class=\"elementor-icon-list-text\">info@carpediemvendeghaz.hu<\/span>\n\t\t\t\t\t\t\t\t\t<\/li>\n\t\t\t\t\t\t\t\t<li class=\"elementor-icon-list-item\">\n\t\t\t\t\t\t\t\t\t\t\t<span class=\"elementor-icon-list-icon\">\n\t\t\t\t\t\t\t<i aria-hidden=\"true\" class=\" icon_info\"><\/i>\t\t\t\t\t\t<\/span>\n\t\t\t\t\t\t\t\t\t\t<span class=\"elementor-icon-list-text\">NTAK regisztr\u00e1ci\u00f3s sz\u00e1m: MA24097641<\/span>\n\t\t\t\t\t\t\t\t\t<\/li>\n\t\t\t\t\t\t<\/ul>\n\t\t\t\t\t\t<\/div>\n\t\t\t\t<\/div>\n\t\t\t\t<div class=\"elementor-element elementor-element-52bb51f elementor-widget-divider--view-line elementor-widget elementor-widget-divider\" data-id=\"52bb51f\" data-element_type=\"widget\" data-e-type=\"widget\" data-widget_type=\"divider.default\">\n\t\t\t\t<div class=\"elementor-widget-container\">\n\t\t\t\t\t\t\t<div class=\"elementor-divider\">\n\t\t\t<span class=\"elementor-divider-separator\">\n\t\t\t\t\t\t<\/span>\n\t\t<\/div>\n\t\t\t\t\t\t<\/div>\n\t\t\t\t<\/div>\n\t\t\t\t<div class=\"elementor-element elementor-element-35f5aff elementor-icon-list--layout-traditional elementor-list-item-link-full_width elementor-widget elementor-widget-icon-list\" data-id=\"35f5aff\" data-element_type=\"widget\" data-e-type=\"widget\" data-widget_type=\"icon-list.default\">\n\t\t\t\t<div class=\"elementor-widget-container\">\n\t\t\t\t\t\t\t<ul class=\"elementor-icon-list-items\">\n\t\t\t\t\t\t\t<li class=\"elementor-icon-list-item\">\n\t\t\t\t\t\t\t\t\t\t\t<span class=\"elementor-icon-list-icon\">\n\t\t\t\t\t\t\t<svg aria-hidden=\"true\" class=\"e-font-icon-svg e-fas-phone-alt\" viewBox=\"0 0 512 512\" xmlns=\"http:\/\/www.w3.org\/2000\/svg\"><path d=\"M497.39 361.8l-112-48a24 24 0 0 0-28 6.9l-49.6 60.6A370.66 370.66 0 0 1 130.6 204.11l60.6-49.6a23.94 23.94 0 0 0 6.9-28l-48-112A24.16 24.16 0 0 0 122.6.61l-104 24A24 24 0 0 0 0 48c0 256.5 207.9 464 464 464a24 24 0 0 0 23.4-18.6l24-104a24.29 24.29 0 0 0-14.01-27.6z\"><\/path><\/svg>\t\t\t\t\t\t<\/span>\n\t\t\t\t\t\t\t\t\t\t<span class=\"elementor-icon-list-text\">+36 70 428 7612<\/span>\n\t\t\t\t\t\t\t\t\t<\/li>\n\t\t\t\t\t\t<\/ul>\n\t\t\t\t\t\t<\/div>\n\t\t\t\t<\/div>\n\t\t\t\t<div class=\"elementor-element elementor-element-3933913 elementor-icon-list--layout-traditional elementor-list-item-link-full_width elementor-widget elementor-widget-icon-list\" data-id=\"3933913\" data-element_type=\"widget\" data-e-type=\"widget\" data-widget_type=\"icon-list.default\">\n\t\t\t\t<div class=\"elementor-widget-container\">\n\t\t\t\t\t\t\t<ul class=\"elementor-icon-list-items\">\n\t\t\t\t\t\t\t<li class=\"elementor-icon-list-item\">\n\t\t\t\t\t\t\t\t\t\t<span class=\"elementor-icon-list-text\">Szoba elfoglal\u00e1sa: 15:00 - 18:00 \u00f3ra k\u00f6z\u00f6tt<\/span>\n\t\t\t\t\t\t\t\t\t<\/li>\n\t\t\t\t\t\t\t\t<li class=\"elementor-icon-list-item\">\n\t\t\t\t\t\t\t\t\t\t<span class=\"elementor-icon-list-text\">Szoba elhagy\u00e1sa: 10:30 \u00f3r\u00e1ig<\/span>\n\t\t\t\t\t\t\t\t\t<\/li>\n\t\t\t\t\t\t<\/ul>\n\t\t\t\t\t\t<\/div>\n\t\t\t\t<\/div>\n\t\t\t\t\t<\/div>\n\t\t<\/div>\n\t\t\t\t\t<\/div>\n\t\t<\/section>\n\t\t\t\t<section class=\"elementor-section elementor-top-section elementor-element elementor-element-ff6ceab elementor-reverse-mobile elementor-section-boxed elementor-section-height-default elementor-section-height-default\" data-id=\"ff6ceab\" data-element_type=\"section\" data-e-type=\"section\">\n\t\t\t\t\t\t<div class=\"elementor-container elementor-column-gap-default\">\n\t\t\t\t\t<div class=\"elementor-column elementor-col-100 elementor-top-column elementor-element elementor-element-6f98168\" data-id=\"6f98168\" data-element_type=\"column\" data-e-type=\"column\">\n\t\t\t<div class=\"elementor-widget-wrap elementor-element-populated\">\n\t\t\t\t\t\t<div class=\"elementor-element elementor-element-92d7440 elementor-invisible elementor-widget elementor-widget-google_maps\" data-id=\"92d7440\" data-element_type=\"widget\" data-e-type=\"widget\" data-settings=\"{&quot;_animation&quot;:&quot;fadeInLeft&quot;}\" data-widget_type=\"google_maps.default\">\n\t\t\t\t<div class=\"elementor-widget-container\">\n\t\t\t\t\t\t\t<div class=\"elementor-custom-embed\">\n\t\t\t<iframe loading=\"lazy\"\n\t\t\t\t\tsrc=\"https:\/\/maps.google.com\/maps?q=Carpe%20diem%20vend%C3%A9gh%C3%A1z%20Cser%C3%A9pfalu&#038;t=m&#038;z=14&#038;output=embed&#038;iwloc=near\"\n\t\t\t\t\ttitle=\"Carpe diem vend\u00e9gh\u00e1z Cser\u00e9pfalu\"\n\t\t\t\t\taria-label=\"Carpe diem vend\u00e9gh\u00e1z Cser\u00e9pfalu\"\n\t\t\t><\/iframe>\n\t\t<\/div>\n\t\t\t\t\t\t<\/div>\n\t\t\t\t<\/div>\n\t\t\t\t\t<\/div>\n\t\t<\/div>\n\t\t\t\t\t<\/div>\n\t\t<\/section>\n\t\t<div class=\"elementor-element elementor-element-814d175 e-flex e-con-boxed e-con e-parent\" data-id=\"814d175\" data-element_type=\"container\" data-e-type=\"container\">\n\t\t\t\t\t<div class=\"e-con-inner\">\n\t\t\t\t<div class=\"elementor-element elementor-element-b4737e6 elementor-widget elementor-widget-heading\" data-id=\"b4737e6\" data-element_type=\"widget\" data-e-type=\"widget\" data-widget_type=\"heading.default\">\n\t\t\t\t<div class=\"elementor-widget-container\">\n\t\t\t\t\t<h2 class=\"elementor-heading-title elementor-size-default\">Gyakran ism\u00e9telt k\u00e9rd\u00e9sek\n<\/h2>\t\t\t\t<\/div>\n\t\t\t\t<\/div>\n\t\t\t\t<div class=\"elementor-element elementor-element-0f5371d elementor-widget elementor-widget-image\" data-id=\"0f5371d\" data-element_type=\"widget\" data-e-type=\"widget\" data-widget_type=\"image.default\">\n\t\t\t\t<div class=\"elementor-widget-container\">\n\t\t\t\t\t\t\t\t\t\t\t\t\t\t\t<img fetchpriority=\"high\" decoding=\"async\" width=\"1535\" height=\"360\" src=\"https:\/\/carpediemvendeghaz.hu\/wp-content\/uploads\/2024\/08\/bor-divider-barna.png\" class=\"attachment-full size-full wp-image-747\" alt=\"\" srcset=\"https:\/\/carpediemvendeghaz.hu\/wp-content\/uploads\/2024\/08\/bor-divider-barna.png 1535w, https:\/\/carpediemvendeghaz.hu\/wp-content\/uploads\/2024\/08\/bor-divider-barna-600x141.png 600w, https:\/\/carpediemvendeghaz.hu\/wp-content\/uploads\/2024\/08\/bor-divider-barna-300x70.png 300w, https:\/\/carpediemvendeghaz.hu\/wp-content\/uploads\/2024\/08\/bor-divider-barna-1024x240.png 1024w, https:\/\/carpediemvendeghaz.hu\/wp-content\/uploads\/2024\/08\/bor-divider-barna-768x180.png 768w, https:\/\/carpediemvendeghaz.hu\/wp-content\/uploads\/2024\/08\/bor-divider-barna-18x4.png 18w\" sizes=\"(max-width: 1535px) 100vw, 1535px\" \/>\t\t\t\t\t\t\t\t\t\t\t\t\t\t\t<\/div>\n\t\t\t\t<\/div>\n\t\t\t\t<div class=\"elementor-element elementor-element-822abda elementor-widget elementor-widget-elementskit-faq\" data-id=\"822abda\" data-element_type=\"widget\" data-e-type=\"widget\" data-widget_type=\"elementskit-faq.default\">\n\t\t\t\t<div class=\"elementor-widget-container\">\n\t\t\t\t\t<div class=\"ekit-wid-con\" >\n                <div class=\"elementskit-single-faq elementor-repeater-item-5d6d56e\">\n            <div class=\"elementskit-faq-header\">\n                <h2 class=\"elementskit-faq-title\">Mikor lehet \u00e9rkezni \u00e9s mikor kell elhagyni a sz\u00e1ll\u00e1st?<\/h2>\n            <\/div>\n            <div class=\"elementskit-faq-body\">\n                A vend\u00e9gh\u00e1zat az \u00e9rkez\u00e9s napj\u00e1n 15:00 \u00f3r\u00e1t\u00f3l lehet elfoglalni. A t\u00e1voz\u00e1s napj\u00e1n a sz\u00e1ll\u00e1st k\u00e9rj\u00fck 10:30 \u00f3r\u00e1ig elhagyni. Kulcssz\u00e9f seg\u00edts\u00e9g\u00e9vel t\u00f6rt\u00e9nik a bejut\u00e1s \u00e9s a t\u00e1voz\u00e1s.            <\/div>\n        <\/div>\n                <div class=\"elementskit-single-faq elementor-repeater-item-5233f91\">\n            <div class=\"elementskit-faq-header\">\n                <h2 class=\"elementskit-faq-title\">Van internet a vend\u00e9gh\u00e1zban?<\/h2>\n            <\/div>\n            <div class=\"elementskit-faq-body\">\n                Igen, a vend\u00e9gh\u00e1zban \u00e9s az udvaron is el\u00e9rhet\u0151 ingyenes WiFi h\u00e1l\u00f3zat a vend\u00e9geinknek.\n            <\/div>\n        <\/div>\n                <div class=\"elementskit-single-faq elementor-repeater-item-dae89ba\">\n            <div class=\"elementskit-faq-header\">\n                <h2 class=\"elementskit-faq-title\">Milyen szolg\u00e1ltat\u00e1sok vannak a vend\u00e9gh\u00e1zban?<\/h2>\n            <\/div>\n            <div class=\"elementskit-faq-body\">\n                Udvar kiz\u00e1r\u00f3lagos haszn\u00e1lata: d\u00e9zsa, kerti zuhanyz\u00f3, napoz\u00f3\u00e1gyak, hinta\u00e1gy, ker\u00e9kp\u00e1rok, kerti s\u00fct\u0151hely haszn\u00e1lata, udvaron tal\u00e1lhat\u00f3 id\u00e9nyjelleg\u0171 z\u00f6lds\u00e9gek, gy\u00fcm\u00f6lcs\u00f6k fogyaszt\u00e1sa.\nA h\u00e1z mellett k\u00f6zvetlen\u00fcl elhelyezked\u0151 Carpe diem borospince kiz\u00e1r\u00f3lagos haszn\u00e1lata. \nEgy h\u00e9tn\u00e9l hosszabb tart\u00f3zkod\u00e1s eset\u00e9n, 6. nap ut\u00e1n hetente egyszer takar\u00edt\u00e1st, \u00e1gynem\u0171 \u00e9s t\u00f6r\u00f6lk\u00f6z\u0151 cser\u00e9t biztos\u00edtok.\n            <\/div>\n        <\/div>\n                <div class=\"elementskit-single-faq elementor-repeater-item-8ba8508\">\n            <div class=\"elementskit-faq-header\">\n                <h2 class=\"elementskit-faq-title\">Milyen a f\u00fcrd\u0151szoba felszerelts\u00e9ge?<\/h2>\n            <\/div>\n            <div class=\"elementskit-faq-body\">\n                A f\u00fcrd\u0151szob\u00e1ban mos\u00f3- \u00e9s sz\u00e1r\u00edt\u00f3g\u00e9p, mos\u00f3szer \u00e9s \u00f6bl\u00edt\u0151, t\u00f6r\u00f6lk\u00f6z\u0151sz\u00e1r\u00edt\u00f3s radi\u00e1tor, hajsz\u00e1r\u00edt\u00f3, f\u00fcrd\u0151szobai kozmetikai szerek, 3 db t\u00f6r\u00f6lk\u00f6z\u0151 (kicsi, k\u00f6zepes, nagy) \u00e9s 1 db f\u00fcrd\u0151k\u00f6peny szem\u00e9lyenk\u00e9nt.            <\/div>\n        <\/div>\n                <div class=\"elementskit-single-faq elementor-repeater-item-88f5560\">\n            <div class=\"elementskit-faq-header\">\n                <h2 class=\"elementskit-faq-title\">Milyen a konyha felszerelts\u00e9ge?<\/h2>\n            <\/div>\n            <div class=\"elementskit-faq-body\">\n                A konyh\u00e1ban tal\u00e1lhat\u00f3 h\u0171t\u0151 fagyaszt\u00f3 r\u00e9sszel, k\u00e1v\u00e9f\u0151z\u0151k (LatteGo \u00e9s kotyog\u00f3s k\u00e1v\u00e9f\u0151z\u0151), k\u00e1v\u00e9, tea, cukor, f\u0171szerek \u00e9s olajok, keny\u00e9rpir\u00edt\u00f3, s\u00fct\u0151, mikrohull\u00e1m\u00fa s\u00fct\u0151, f\u0151z\u0151lap, p\u00e1raelsz\u00edv\u00f3, mosogat\u00f3g\u00e9p.            <\/div>\n        <\/div>\n                <div class=\"elementskit-single-faq elementor-repeater-item-aef7d9c\">\n            <div class=\"elementskit-faq-header\">\n                <h2 class=\"elementskit-faq-title\">Lehet kisgyerekkel vagy kis\u00e1llattal foglalni?<\/h2>\n            <\/div>\n            <div class=\"elementskit-faq-body\">\n                Igen, lehet\u0151s\u00e9g van kisgyerekkel vagy kis\u00e1lattal foglalni.\n\nKutyus el\u0151zetes egyeztet\u00e9ssel, 20.000 Ft kauci\u00f3 ellen\u00e9ben hozhat\u00f3. Bent az el\u0151szob\u00e1ban tud aludni vagy kint a telken l\u00e9v\u0151 f\u0171t\u00f6tt kish\u00e1zban.            <\/div>\n        <\/div>\n                \n    <\/div>\t\t\t\t<\/div>\n\t\t\t\t<\/div>\n\t\t\t\t\t<\/div>\n\t\t\t\t<\/div>\n\t\t\t\t<\/div>\n\t\t","protected":false},"excerpt":{"rendered":"<p>K\u00e9rd\u00e9setek van? \u00cdrjatok nek\u00fcnk! El\u00e9rhet\u0151s\u00e9gek 3413 Cser\u00e9pfalu, Berezdalja \u00fat 56. info@carpediemvendeghaz.hu NTAK regisztr\u00e1ci\u00f3s sz\u00e1m: MA24097641 +36 70 428 7612 Szoba elfoglal\u00e1sa: 15:00 &#8211; 18:00 \u00f3ra k\u00f6z\u00f6tt Szoba elhagy\u00e1sa: 10:30 \u00f3r\u00e1ig Gyakran ism\u00e9telt k\u00e9rd\u00e9sek Mikor lehet \u00e9rkezni \u00e9s mikor kell elhagyni a sz\u00e1ll\u00e1st? A vend\u00e9gh\u00e1zat az \u00e9rkez\u00e9s napj\u00e1n 15:00 \u00f3r\u00e1t\u00f3l lehet elfoglalni. A t\u00e1voz\u00e1s napj\u00e1n a [&hellip;]<\/p>\n","protected":false},"author":2,"featured_media":0,"parent":0,"menu_order":0,"comment_status":"closed","ping_status":"closed","template":"","meta":{"footnotes":""},"class_list":["post-208","page","type-page","status-publish","hentry"],"_links":{"self":[{"href":"https:\/\/carpediemvendeghaz.hu\/es\/wp-json\/wp\/v2\/pages\/208","targetHints":{"allow":["GET"]}}],"collection":[{"href":"https:\/\/carpediemvendeghaz.hu\/es\/wp-json\/wp\/v2\/pages"}],"about":[{"href":"https:\/\/carpediemvendeghaz.hu\/es\/wp-json\/wp\/v2\/types\/page"}],"author":[{"embeddable":true,"href":"https:\/\/carpediemvendeghaz.hu\/es\/wp-json\/wp\/v2\/users\/2"}],"replies":[{"embeddable":true,"href":"https:\/\/carpediemvendeghaz.hu\/es\/wp-json\/wp\/v2\/comments?post=208"}],"version-history":[{"count":0,"href":"https:\/\/carpediemvendeghaz.hu\/es\/wp-json\/wp\/v2\/pages\/208\/revisions"}],"wp:attachment":[{"href":"https:\/\/carpediemvendeghaz.hu\/es\/wp-json\/wp\/v2\/media?parent=208"}],"curies":[{"name":"wp","href":"https:\/\/api.w.org\/{rel}","templated":true}]}}