{"id":632,"date":"2024-08-24T13:09:24","date_gmt":"2024-08-24T13:09:24","guid":{"rendered":"https:\/\/carpediemvendeghaz.hu\/?page_id=632"},"modified":"2025-11-17T13:56:54","modified_gmt":"2025-11-17T13:56:54","slug":"hazirend","status":"publish","type":"page","link":"https:\/\/carpediemvendeghaz.hu\/es\/hazirend\/","title":{"rendered":"Reglas de la casa"},"content":{"rendered":"<p><strong><u>Carpe Diem <\/u><\/strong><\/p>\n<p><strong><u>Reglas de la casa\/Informaci\u00f3n del hu\u00e9sped:<\/u><\/strong><\/p>\n<p><strong><u>\u00a0<\/u><\/strong><\/p>\n<p><strong><u>Contactos Wifi gratuitos:<\/u><\/strong><\/p>\n<p><u>Nombre de la red interna<\/u>: Carpedio<\/p>\n<p>Contrase\u00f1a: Angelika11<\/p>\n<p><u>Nombre de la red en el patio<\/u>: yarda, yarda2<\/p>\n<p>Contrase\u00f1a: carpediem<\/p>\n<p><strong><u>\u00a0<\/u><\/strong><\/p>\n<p><strong><u>Servicio de urgencias telef\u00f3nicas 24 horas: <\/u><\/strong><\/p>\n<p>Antes de su llegada y salida, as\u00ed como durante su estancia, comun\u00edquese con los siguientes datos de contacto para cualquier pregunta que pueda tener sobre el uso sin problemas de la casa de hu\u00e9spedes:<\/p>\n<p>dr. Angelika T\u00f3th (propietaria del catering): +36\/70-4287612.<\/p>\n<p>El propietario est\u00e1 presente previa solicitud a la hora especificada de llegada\/salida.<\/p>\n<p><strong><u>Ocupar una habitaci\u00f3n<\/u><\/strong> El registro de entrada es a partir de las 15:00 y la salida no m\u00e1s tarde de las 10:30. La entrada y la salida se realizan mediante una caja fuerte con llave.<\/p>\n<p><strong><u>Servicios:<\/u><\/strong><\/p>\n<p>Desayuno, uso exclusivo del patio: jacuzzi, ducha de jard\u00edn, hamacas, columpio, bicicletas, uso del horno de jard\u00edn, consumo de verduras y frutas de temporada en el patio.<\/p>\n<p>Uso exclusivo de la bodega Carpe Diem ubicada directamente al lado de la casa.<\/p>\n<p>En el caso de estancia superior a una semana, a partir del 6\u00ba d\u00eda, proporciono limpieza, cambio de ropa de cama y toallas una vez por semana.<\/p>\n<p><strong><u>\u00a0<\/u><\/strong><\/p>\n<p><strong><u>Ma\u00f1ana:<\/u><\/strong> Llegar\u00e1s a la mesa del desayuno en la terraza entre las 8:15 y las 8:45. Por favor, coloca los recipientes de almacenamiento y los frascos de vidrio sobre la mesa antes de las 9:00 de la ma\u00f1ana siguiente.<\/p>\n<p><strong><u>Equipo:<\/u><\/strong><\/p>\n<p><strong>Cocina:<\/strong> heladera con congelador, cafeteras (cafetera LatteGo de 12 funciones y cafetera con click), caf\u00e9 (molido y entero), t\u00e9s, az\u00facar (morena y blanca), miel, Canderel, especias (sal, pimienta), aceites (aceite de oliva y aceite de girasol), tostadora, horno, microondas, vitrocer\u00e1mica, campana extractora, lavavajillas.<\/p>\n<p>La bandeja de recogida de agua del LatteGo se debe sacar y verter en el fregadero a intervalos dependiendo de la frecuencia de uso (cuando el indicador rojo sube).<\/p>\n<p><strong>Ba\u00f1o: <\/strong>lavadora y secadora (detergente y suavizante de color y blanco), radiador secador de toallas, cosm\u00e9tica de ba\u00f1o (jab\u00f3n l\u00edquido, gel de ducha, champ\u00fa, acondicionador para el cabello, crema de manos, cepillo de dientes, pasta de dientes, hilo dental, disco limpiador facial), 3 toallas ( peque\u00f1o, mediano, grande), 1 albornoz por persona, secador de pelo, plancha de pelo.<\/p>\n<p><strong>Antesala: <\/strong>plancha y plancha de mano, kit para el cuidado del calzado, cuchara para zapatos, costurero, paraguas e impermeable, zapatillas para invitados.<\/p>\n<p><strong>Calefacci\u00f3n: <\/strong>Con termostato regulable.<\/p>\n<p><strong>Dormitorio: <\/strong>caja fuerte en la habitaci\u00f3n, tabla de planchar, <strong>JBL<\/strong>: Conexi\u00f3n Bluetooth JBL Charge 5.<\/p>\n<p><strong>En el porche: <\/strong>secadora de ropa, tumbonas. Por la noche, vuelva a colocar las tumbonas en el porche.<\/p>\n<p><strong>En la terraza: <\/strong>Iluminaci\u00f3n ambiental programable.<\/p>\n<p><strong><u>Estufa de jard\u00edn<\/u><\/strong><u>:<\/u> Herramientas para hervir y fre\u00edr tocino, le\u00f1a, colocadas en un almac\u00e9n de bicicletas. \u00a1Aseg\u00farese de enjuagar bien las brasas con agua despu\u00e9s de hornear y cocinar!<\/p>\n<p><strong><u>Almacenamiento de bicicletas: <\/u><\/strong>Una bicicleta de mujer y otra de hombre con engranajes, bomba de bicicleta.<\/p>\n<p><strong><u>Bodega:<\/u><\/strong> La llave est\u00e1 en el colgador de llaves de la cocina. Hay tres tipos de vino local en la bodega, blanco, rosado y tinto. En la parte superior de la bodega se encuentran escanciadores de vino y copas de vino, as\u00ed como una peque\u00f1a mesa y sillas, que tambi\u00e9n se pueden utilizar en la zona panor\u00e1mica delante de la bodega.<\/p>\n<p>Hay luces detectoras de movimiento en el s\u00f3tano. Si sube desde la parte inferior de la bodega, aseg\u00farese de cerrar la puerta de madera para garantizar la temperatura adecuada de la bodega.<\/p>\n<p>Vinos y champagnes adicionales est\u00e1n disponibles bajo petici\u00f3n. <strong>en el comedor<\/strong> en el estante de vinos, cuyos precios se pueden encontrar en la lista de vinos publicada, y cuyos precios deben pagarse en efectivo en el lugar en la caja registradora publicada.<\/p>\n<p><strong><u>Clima:<\/u><\/strong>\u00a0La casa de hu\u00e9spedes dispone de dos aparatos de aire acondicionado: en el dormitorio y en el comedor.<\/p>\n<p><strong><u>Mascotas<\/u><\/strong> Se puede traer al alojamiento previo acuerdo y mediante pago de un dep\u00f3sito de 20.000 HUF. El perro puede dormir dentro, en el pasillo, o en una casa separada y climatizada dentro de la propiedad.<\/p>\n<p><strong><u>De fumar<\/u><\/strong> Hay un detector de humo y mon\u00f3xido de carbono no autorizado en la casa. Permitido en el porche y la terraza, utilice los ceniceros cerrados proporcionados.<\/p>\n<p>&nbsp;<\/p>\n<p><strong><u>Usando una tetera:<\/u><\/strong><\/p>\n<p>D\u00fachese antes de usar la ba\u00f1era y utilice la ba\u00f1era para lavar los pies. Puede llenar la tina del lavapi\u00e9s con agua de pozo presionando el interruptor en el pozo. Por la noche, por favor, ponle el techo. Encontrar\u00e1s el interruptor de la luz ambiental junto al colgador de albornoces.<\/p>\n<p>La temperatura del jacuzzi es de 35 a 40 grados cent\u00edgrados en invierno y verano.<\/p>\n<p>La ba\u00f1era contiene agua salada. El agua salada es un agente calmante para los nervios, alivia la inflamaci\u00f3n, es beneficiosa para las enfermedades respiratorias cr\u00f3nicas, las dolencias articulares y reum\u00e1ticas, estimula el metabolismo de la piel, es refrescante y relajante, y adem\u00e1s de estos, tiene innumerables otros efectos beneficiosos conocidos.<\/p>\n<p>Esta sal polaca se encuentra en uno de los dep\u00f3sitos de sal m\u00e1s puros y valiosos de Europa, y procede de la mina de sal de Klodawa. En 100% es natural, no yodado y sin aditivos. Se form\u00f3 hace 250 millones de a\u00f1os durante la evaporaci\u00f3n natural de los mares. Sal marina sin la contaminaci\u00f3n de la civilizaci\u00f3n moderna.<\/p>\n<p><strong><u>Ducha de jard\u00edn: <\/u><\/strong>Ducha solar de agua caliente con agua de pozo.<\/p>\n<p>&nbsp;<\/p>\n<p><strong>Cser\u00e9pfalu es un museo viviente de arquitectura popular; cuide esta casa construida en 1821.<\/strong><\/p>\n<p><strong>Gracias por pasar tus vacaciones conmigo, \u00a1te deseo una agradable estancia aqu\u00ed!<\/strong><\/p>\n<p><strong>dr. Angelika T\u00f3th<\/strong><\/p>","protected":false},"excerpt":{"rendered":"<p>Carpe diem H\u00e1zirend\/Vend\u00e9gt\u00e1j\u00e9koztat\u00f3: \u00a0 Ingyenes Wifi el\u00e9rhet\u0151s\u00e9gek: H\u00e1l\u00f3zat neve h\u00e1zban: Carpediem Jelsz\u00f3: Angelika11 H\u00e1l\u00f3zat neve udvaron: udvar, udvar2 Jelsz\u00f3: carpediem \u00a0 24 \u00f3r\u00e1s telefonos \u00fcgyeleti szolg\u00e1ltat\u00e1s: \u00c9rkez\u00e9s \u00e9s t\u00e1voz\u00e1s el\u0151tt, tov\u00e1bb\u00e1 itt tart\u00f3zkod\u00e1s alatt felmer\u00fcl\u0151 k\u00e9rd\u00e9seivel illetve a vend\u00e9gh\u00e1z probl\u00e9mamentes haszn\u00e1lat\u00e1val kapcsolatban k\u00e9rem az al\u00e1bbi el\u00e9rhet\u0151s\u00e9get h\u00edvja: dr. T\u00f3th Angelika (vend\u00e9gl\u00e1t\u00f3-tulajdonos): +36\/70-4287612. A megadott \u00e9rkez\u00e9si\/elutaz\u00e1si [&hellip;]<\/p>\n","protected":false},"author":2,"featured_media":0,"parent":0,"menu_order":0,"comment_status":"closed","ping_status":"closed","template":"","meta":{"footnotes":""},"class_list":["post-632","page","type-page","status-publish","hentry"],"_links":{"self":[{"href":"https:\/\/carpediemvendeghaz.hu\/es\/wp-json\/wp\/v2\/pages\/632","targetHints":{"allow":["GET"]}}],"collection":[{"href":"https:\/\/carpediemvendeghaz.hu\/es\/wp-json\/wp\/v2\/pages"}],"about":[{"href":"https:\/\/carpediemvendeghaz.hu\/es\/wp-json\/wp\/v2\/types\/page"}],"author":[{"embeddable":true,"href":"https:\/\/carpediemvendeghaz.hu\/es\/wp-json\/wp\/v2\/users\/2"}],"replies":[{"embeddable":true,"href":"https:\/\/carpediemvendeghaz.hu\/es\/wp-json\/wp\/v2\/comments?post=632"}],"version-history":[{"count":0,"href":"https:\/\/carpediemvendeghaz.hu\/es\/wp-json\/wp\/v2\/pages\/632\/revisions"}],"wp:attachment":[{"href":"https:\/\/carpediemvendeghaz.hu\/es\/wp-json\/wp\/v2\/media?parent=632"}],"curies":[{"name":"wp","href":"https:\/\/api.w.org\/{rel}","templated":true}]}}