{"id":634,"date":"2024-08-24T13:14:42","date_gmt":"2024-08-24T13:14:42","guid":{"rendered":"https:\/\/carpediemvendeghaz.hu\/?page_id=634"},"modified":"2024-08-24T13:15:38","modified_gmt":"2024-08-24T13:15:38","slug":"impresszum","status":"publish","type":"page","link":"https:\/\/carpediemvendeghaz.hu\/pl\/impresszum\/","title":{"rendered":"Odcisk"},"content":{"rendered":"<header class=\"page-header\">\n<h3 class=\"entry-title\">Operatorem serwisu www.carpediemvendeghaz.hu jest dr. Angelika T\u00f3th<\/h3>\n<\/header>\n<div class=\"page-content\">\n<p>Nazwa operatora: dr. Angelika T\u00f3th<br \/>\nSiedziba: 1048 Budapeszt, T\u00f3falva utca 11. Budynek B. 1\/6.<br \/>\nNumer podatkowy: 71485328-1-41<br \/>\nAdres e-mail: info@carpediemvendeghaz.hu<br \/>\nNumer telefonu: +36 70 428 7612<\/p>\n<hr \/>\n<h3><strong>DOSTAWCA MAGAZYNU:<\/strong><\/h3>\n<p>RACKFOREST ZRT.<br \/>\nAdres siedziby: 1132 Budapeszt, Victor Hugo utca 11. 5 em. B05001.<br \/>\nE-mail: info@rackforest.com<\/p>\n<\/div>","protected":false},"excerpt":{"rendered":"<p>A www.carpediemvendeghaz.hu weboldal \u00fczemeltet\u0151je dr. T\u00f3th Angelika \u00dczemeltet\u0151 neve: dr. T\u00f3th Angelika Sz\u00e9khely: 1048 Budapest, T\u00f3falva utca 11. B. \u00e9p\u00fclet 1\/6. Ad\u00f3sz\u00e1m: 71485328-1-41 Email c\u00edm: info@carpediemvendeghaz.hu Telefonsz\u00e1m: +36 70 428 7612 T\u00c1RHELYSZOLG\u00c1LTAT\u00d3: RACKFOREST ZRT. Sz\u00e9khely c\u00edm: 1132 Budapest, Victor Hugo utca 11. 5. em. B05001. E-mail c\u00edm: info@rackforest.com<\/p>","protected":false},"author":2,"featured_media":0,"parent":0,"menu_order":0,"comment_status":"closed","ping_status":"closed","template":"","meta":{"footnotes":""},"class_list":["post-634","page","type-page","status-publish","hentry"],"_links":{"self":[{"href":"https:\/\/carpediemvendeghaz.hu\/pl\/wp-json\/wp\/v2\/pages\/634","targetHints":{"allow":["GET"]}}],"collection":[{"href":"https:\/\/carpediemvendeghaz.hu\/pl\/wp-json\/wp\/v2\/pages"}],"about":[{"href":"https:\/\/carpediemvendeghaz.hu\/pl\/wp-json\/wp\/v2\/types\/page"}],"author":[{"embeddable":true,"href":"https:\/\/carpediemvendeghaz.hu\/pl\/wp-json\/wp\/v2\/users\/2"}],"replies":[{"embeddable":true,"href":"https:\/\/carpediemvendeghaz.hu\/pl\/wp-json\/wp\/v2\/comments?post=634"}],"version-history":[{"count":0,"href":"https:\/\/carpediemvendeghaz.hu\/pl\/wp-json\/wp\/v2\/pages\/634\/revisions"}],"wp:attachment":[{"href":"https:\/\/carpediemvendeghaz.hu\/pl\/wp-json\/wp\/v2\/media?parent=634"}],"curies":[{"name":"wp","href":"https:\/\/api.w.org\/{rel}","templated":true}]}}